{"id":150,"date":"2013-09-30T16:01:04","date_gmt":"2013-09-30T19:01:04","guid":{"rendered":"http:\/\/medatlas.com.br\/?page_id=150"},"modified":"2013-10-02T20:27:34","modified_gmt":"2013-10-02T23:27:34","slug":"cipa","status":"publish","type":"page","link":"https:\/\/medatlas.com.br\/?page_id=150","title":{"rendered":"CIPA"},"content":{"rendered":"<p style=\"text-align: justify;\">A CIPA tem como objetivo a preven\u00e7\u00e3o de acidentes e <img loading=\"lazy\" class=\"size-full wp-image-321 alignright\" alt=\"\" src=\"http:\/\/medatlas.com.br\/wp-content\/uploads\/2013\/09\/cipa.jpg\" width=\"300\" height=\"200\" srcset=\"https:\/\/medatlas.com.br\/wp-content\/uploads\/2013\/09\/cipa.jpg 300w, https:\/\/medatlas.com.br\/wp-content\/uploads\/2013\/09\/cipa-150x100.jpg 150w\" sizes=\"(max-width: 300px) 100vw, 300px\" \/>doen\u00e7as decorrentes do trabalho, de modo a tornar compat\u00edvel, permanentemente, o trabalho com a preserva\u00e7\u00e3o da vida e a promo\u00e7\u00e3o da sa\u00fade do trabalhador.<\/p>\n<p style=\"text-align: justify;\">Um T\u00e9cnico de Seguran\u00e7a do Trabalho da <strong>Atlas<\/strong> prestar\u00e1 todo o suporte durante as etapas de implanta\u00e7\u00e3o da CIPA em sua empresa, incluindo a organiza\u00e7\u00e3o do processo eleitoral, o treinamento dos membros eleitos e designados e o acompanhamento das reuni\u00f5es mensais.<\/p>\n","protected":false},"excerpt":{"rendered":"<p>A CIPA tem como objetivo a preven\u00e7\u00e3o de acidentes e doen\u00e7as decorrentes do trabalho, de modo a tornar compat\u00edvel, permanentemente, o trabalho com a preserva\u00e7\u00e3o da vida e a promo\u00e7\u00e3o da sa\u00fade do trabalhador. Um T\u00e9cnico de Seguran\u00e7a do Trabalho da Atlas prestar\u00e1 todo o suporte durante as etapas de implanta\u00e7\u00e3o da CIPA em sua [&hellip;]<\/p>\n","protected":false},"author":1,"featured_media":0,"parent":28,"menu_order":0,"comment_status":"closed","ping_status":"closed","template":"","meta":[],"_links":{"self":[{"href":"https:\/\/medatlas.com.br\/index.php?rest_route=\/wp\/v2\/pages\/150"}],"collection":[{"href":"https:\/\/medatlas.com.br\/index.php?rest_route=\/wp\/v2\/pages"}],"about":[{"href":"https:\/\/medatlas.com.br\/index.php?rest_route=\/wp\/v2\/types\/page"}],"author":[{"embeddable":true,"href":"https:\/\/medatlas.com.br\/index.php?rest_route=\/wp\/v2\/users\/1"}],"replies":[{"embeddable":true,"href":"https:\/\/medatlas.com.br\/index.php?rest_route=%2Fwp%2Fv2%2Fcomments&post=150"}],"version-history":[{"count":0,"href":"https:\/\/medatlas.com.br\/index.php?rest_route=\/wp\/v2\/pages\/150\/revisions"}],"up":[{"embeddable":true,"href":"https:\/\/medatlas.com.br\/index.php?rest_route=\/wp\/v2\/pages\/28"}],"wp:attachment":[{"href":"https:\/\/medatlas.com.br\/index.php?rest_route=%2Fwp%2Fv2%2Fmedia&parent=150"}],"curies":[{"name":"wp","href":"https:\/\/api.w.org\/{rel}","templated":true}]}}