{"id":154,"date":"2013-09-30T16:04:00","date_gmt":"2013-09-30T19:04:00","guid":{"rendered":"http:\/\/medatlas.com.br\/?page_id=154"},"modified":"2013-10-02T20:33:46","modified_gmt":"2013-10-02T23:33:46","slug":"laudo-de-periculosidade","status":"publish","type":"page","link":"https:\/\/medatlas.com.br\/?page_id=154","title":{"rendered":"Laudo de Periculosidade"},"content":{"rendered":"<p style=\"text-align: justify;\">O Laudo de Periculosidade \u00e9 o documento t\u00e9cnico-legal que estabelece se os empregados da empresa t\u00eam ou n\u00e3o direito ao recebimento do adicional de periculosidade (30% do sal\u00e1rio-base do emprego), em virtude da exposi\u00e7\u00e3o a explosivos, inflam\u00e1veis, eletricidade e radia\u00e7\u00e3o ionizante, considerando as legisla\u00e7\u00f5es espec\u00edficas e as prote\u00e7\u00f5es fornecidas pela empresa.<\/p>\n<p style=\"text-align: justify;\">Ap\u00f3s a visita de um profissional habilitado da Atlas, a empresa receber\u00e1 um documento, contendo as conclus\u00f5es em rela\u00e7\u00e3o \u00e0 exposi\u00e7\u00e3o dos trabalhadores aos agentes nocivos (causadores de periculosidade), bem como alternativas t\u00e9cnicas para evitar o pagamento dos adicionais de insalubridade, quando for o caso.<\/p>\n","protected":false},"excerpt":{"rendered":"<p>O Laudo de Periculosidade \u00e9 o documento t\u00e9cnico-legal que estabelece se os empregados da empresa t\u00eam ou n\u00e3o direito ao recebimento do adicional de periculosidade (30% do sal\u00e1rio-base do emprego), em virtude da exposi\u00e7\u00e3o a explosivos, inflam\u00e1veis, eletricidade e radia\u00e7\u00e3o ionizante, considerando as legisla\u00e7\u00f5es espec\u00edficas e as prote\u00e7\u00f5es fornecidas pela empresa. Ap\u00f3s a visita de [&hellip;]<\/p>\n","protected":false},"author":1,"featured_media":0,"parent":28,"menu_order":0,"comment_status":"closed","ping_status":"closed","template":"","meta":[],"_links":{"self":[{"href":"https:\/\/medatlas.com.br\/index.php?rest_route=\/wp\/v2\/pages\/154"}],"collection":[{"href":"https:\/\/medatlas.com.br\/index.php?rest_route=\/wp\/v2\/pages"}],"about":[{"href":"https:\/\/medatlas.com.br\/index.php?rest_route=\/wp\/v2\/types\/page"}],"author":[{"embeddable":true,"href":"https:\/\/medatlas.com.br\/index.php?rest_route=\/wp\/v2\/users\/1"}],"replies":[{"embeddable":true,"href":"https:\/\/medatlas.com.br\/index.php?rest_route=%2Fwp%2Fv2%2Fcomments&post=154"}],"version-history":[{"count":0,"href":"https:\/\/medatlas.com.br\/index.php?rest_route=\/wp\/v2\/pages\/154\/revisions"}],"up":[{"embeddable":true,"href":"https:\/\/medatlas.com.br\/index.php?rest_route=\/wp\/v2\/pages\/28"}],"wp:attachment":[{"href":"https:\/\/medatlas.com.br\/index.php?rest_route=%2Fwp%2Fv2%2Fmedia&parent=154"}],"curies":[{"name":"wp","href":"https:\/\/api.w.org\/{rel}","templated":true}]}}