{"id":156,"date":"2013-09-30T16:06:12","date_gmt":"2013-09-30T19:06:12","guid":{"rendered":"http:\/\/medatlas.com.br\/?page_id=156"},"modified":"2013-10-02T20:34:25","modified_gmt":"2013-10-02T23:34:25","slug":"ltcat","status":"publish","type":"page","link":"https:\/\/medatlas.com.br\/?page_id=156","title":{"rendered":"LTCAT"},"content":{"rendered":"<p style=\"text-align: justify;\">O Laudo T\u00e9cnico das Condi\u00e7\u00f5es Ambientais de Trabalho \u00e9 um documento feito para identificar as condi\u00e7\u00f5es do ambiente que o trabalhador vai encontrar.<\/p>\n<p style=\"text-align: justify;\">No LTCAT s\u00e3o identificados os agentes f\u00edsicos (ru\u00eddos, calor, vibra\u00e7\u00f5es, etc), agentes qu\u00edmicos e agentes biol\u00f3gicos, as condi\u00e7\u00f5es do local de servi\u00e7o, ou seja, \u00e9 feita uma an\u00e1lise para definir se um ambiente \u00e9 prop\u00edcio ou n\u00e3o para a sa\u00fade e integridade f\u00edsica do funcion\u00e1rio.<\/p>\n<p style=\"text-align: justify;\">O LTCAT deve ser preenchido de forma minuciosa e completa por um Engenheiro de Seguran\u00e7a do Trabalho ou M\u00e9dico do Trabalho. Ele reflete a condi\u00e7\u00e3o real do ambiente e, se bem feito, dispensa a vistoria do INSS. No entanto, se houver lacunas ou d\u00favidas, o poder jur\u00eddico pode nomear um perito para verifica\u00e7\u00e3o das condi\u00e7\u00f5es de trabalho..<\/p>\n<p style=\"text-align: justify;\">No interior do documento devem constar todas as especifica\u00e7\u00f5es do ambiente, bem como as identifica\u00e7\u00f5es dos riscos e os agentes qu\u00edmicos encontrados durante a inspe\u00e7\u00e3o. Todos os processos devem ser explicados de forma clara, apontando, se poss\u00edvel, a fonte dos prov\u00e1veis problemas para que a solu\u00e7\u00e3o seja encontrada.<\/p>\n<p style=\"text-align: justify;\">No LTCAT, al\u00e9m de mostrar a situa\u00e7\u00e3o do local, deve-se tamb\u00e9m apresentar os materiais usados para an\u00e1lise, bem como os aparelhos (com seus devidos certificados de calibra\u00e7\u00e3o) e m\u00e9todos utilizados. Ao final do laudo, uma conclus\u00e3o se h\u00e1 ou n\u00e3o insalubridade precisa ser elaborada pelo engenheiro ou pelo m\u00e9dico respons\u00e1vel na elabora\u00e7\u00e3o do LTCAT.<\/p>\n<p style=\"text-align: justify;\">Para garantir a seguran\u00e7a do local, o LTCAT deve ser atualizado a cada ano. Trata-se de uma medida importante que prima pela sa\u00fade de quem trabalha. Com esse relat\u00f3rio dispon\u00edvel, pode-se saber se uma determinada empresa oferece todas as condi\u00e7\u00f5es para seus funcion\u00e1rios, que render\u00e3o muito mais sem se preocuparem com problemas de sa\u00fade.<\/p>\n","protected":false},"excerpt":{"rendered":"<p>O Laudo T\u00e9cnico das Condi\u00e7\u00f5es Ambientais de Trabalho \u00e9 um documento feito para identificar as condi\u00e7\u00f5es do ambiente que o trabalhador vai encontrar. No LTCAT s\u00e3o identificados os agentes f\u00edsicos (ru\u00eddos, calor, vibra\u00e7\u00f5es, etc), agentes qu\u00edmicos e agentes biol\u00f3gicos, as condi\u00e7\u00f5es do local de servi\u00e7o, ou seja, \u00e9 feita uma an\u00e1lise para definir se um [&hellip;]<\/p>\n","protected":false},"author":1,"featured_media":0,"parent":28,"menu_order":0,"comment_status":"closed","ping_status":"closed","template":"","meta":[],"_links":{"self":[{"href":"https:\/\/medatlas.com.br\/index.php?rest_route=\/wp\/v2\/pages\/156"}],"collection":[{"href":"https:\/\/medatlas.com.br\/index.php?rest_route=\/wp\/v2\/pages"}],"about":[{"href":"https:\/\/medatlas.com.br\/index.php?rest_route=\/wp\/v2\/types\/page"}],"author":[{"embeddable":true,"href":"https:\/\/medatlas.com.br\/index.php?rest_route=\/wp\/v2\/users\/1"}],"replies":[{"embeddable":true,"href":"https:\/\/medatlas.com.br\/index.php?rest_route=%2Fwp%2Fv2%2Fcomments&post=156"}],"version-history":[{"count":0,"href":"https:\/\/medatlas.com.br\/index.php?rest_route=\/wp\/v2\/pages\/156\/revisions"}],"up":[{"embeddable":true,"href":"https:\/\/medatlas.com.br\/index.php?rest_route=\/wp\/v2\/pages\/28"}],"wp:attachment":[{"href":"https:\/\/medatlas.com.br\/index.php?rest_route=%2Fwp%2Fv2%2Fmedia&parent=156"}],"curies":[{"name":"wp","href":"https:\/\/api.w.org\/{rel}","templated":true}]}}