{"id":167,"date":"2013-09-30T16:16:17","date_gmt":"2013-09-30T19:16:17","guid":{"rendered":"http:\/\/medatlas.com.br\/?page_id=167"},"modified":"2013-10-02T20:14:16","modified_gmt":"2013-10-02T23:14:16","slug":"eletroencefalograma","status":"publish","type":"page","link":"https:\/\/medatlas.com.br\/?page_id=167","title":{"rendered":"Eletroencefalograma"},"content":{"rendered":"<p style=\"text-align: justify;\">Na pr\u00e1tica o Eletroencefalograma \u00e9 realizado atrav\u00e9s da coloca\u00e7\u00e3o de eletrodos na pele da cabe\u00e7a do paciente que s\u00e3o conectados \u00e0 um poderoso amplificador de corrente el\u00e9trica. Esse amplificador aumenta a amplitude do sinal el\u00e9trico gerado pelo c\u00e9rebro milhares de vezes e, atrav\u00e9s de um dispositivo chamado galvan\u00f4metro, as oscila\u00e7\u00f5es para mais ou para menos dessa corrente el\u00e9trica s\u00e3o desenhadas numa tira de papel sob a forma de ondas.<img loading=\"lazy\" class=\"size-full wp-image-306 alignright\" alt=\"\" src=\"http:\/\/medatlas.com.br\/wp-content\/uploads\/2013\/09\/eeg.jpg\" width=\"300\" height=\"200\" srcset=\"https:\/\/medatlas.com.br\/wp-content\/uploads\/2013\/09\/eeg.jpg 300w, https:\/\/medatlas.com.br\/wp-content\/uploads\/2013\/09\/eeg-150x100.jpg 150w\" sizes=\"(max-width: 300px) 100vw, 300px\" \/><\/p>\n<p style=\"text-align: justify;\">Fisiologicamente sabe-se que as caracter\u00edsticas das ondas el\u00e9tricas cerebrais variam conforme o funcionamento (situa\u00e7\u00e3o funcional) do \u00f3rg\u00e3o. As maiores varia\u00e7\u00f5es se observam entre os estados de vigil\u00e2ncia, ou seja, entre o estar acordado, dormindo, sonolento ou em coma.<\/p>\n<p style=\"text-align: justify;\">O eletroencefalograma \u00e9 usado em neurologia e psiquiatria, principalmente para auxiliar no diagn\u00f3stico de doen\u00e7as do c\u00e9rebro, tais como as epilepsia, as desordens do sono e alguns tipos de tumores cerebrais.<\/p>\n","protected":false},"excerpt":{"rendered":"<p>Na pr\u00e1tica o Eletroencefalograma \u00e9 realizado atrav\u00e9s da coloca\u00e7\u00e3o de eletrodos na pele da cabe\u00e7a do paciente que s\u00e3o conectados \u00e0 um poderoso amplificador de corrente el\u00e9trica. Esse amplificador aumenta a amplitude do sinal el\u00e9trico gerado pelo c\u00e9rebro milhares de vezes e, atrav\u00e9s de um dispositivo chamado galvan\u00f4metro, as oscila\u00e7\u00f5es para mais ou para menos [&hellip;]<\/p>\n","protected":false},"author":1,"featured_media":0,"parent":170,"menu_order":0,"comment_status":"closed","ping_status":"closed","template":"","meta":[],"_links":{"self":[{"href":"https:\/\/medatlas.com.br\/index.php?rest_route=\/wp\/v2\/pages\/167"}],"collection":[{"href":"https:\/\/medatlas.com.br\/index.php?rest_route=\/wp\/v2\/pages"}],"about":[{"href":"https:\/\/medatlas.com.br\/index.php?rest_route=\/wp\/v2\/types\/page"}],"author":[{"embeddable":true,"href":"https:\/\/medatlas.com.br\/index.php?rest_route=\/wp\/v2\/users\/1"}],"replies":[{"embeddable":true,"href":"https:\/\/medatlas.com.br\/index.php?rest_route=%2Fwp%2Fv2%2Fcomments&post=167"}],"version-history":[{"count":0,"href":"https:\/\/medatlas.com.br\/index.php?rest_route=\/wp\/v2\/pages\/167\/revisions"}],"up":[{"embeddable":true,"href":"https:\/\/medatlas.com.br\/index.php?rest_route=\/wp\/v2\/pages\/170"}],"wp:attachment":[{"href":"https:\/\/medatlas.com.br\/index.php?rest_route=%2Fwp%2Fv2%2Fmedia&parent=167"}],"curies":[{"name":"wp","href":"https:\/\/api.w.org\/{rel}","templated":true}]}}