{"id":173,"date":"2013-09-30T16:19:15","date_gmt":"2013-09-30T19:19:15","guid":{"rendered":"http:\/\/medatlas.com.br\/?page_id=173"},"modified":"2013-10-02T20:37:13","modified_gmt":"2013-10-02T23:37:13","slug":"eletrocardiograma","status":"publish","type":"page","link":"https:\/\/medatlas.com.br\/?page_id=173","title":{"rendered":"Eletrocardiograma"},"content":{"rendered":"<p style=\"text-align: justify;\">O eletrocardiograma \u00e9 um exame de sa\u00fade na \u00e1rea de cardiologia no qual \u00e9 feito o registro da varia\u00e7\u00e3o dos potenciais el\u00e9tricos gerados pela atividade el\u00e9trica do cora\u00e7\u00e3o.<img loading=\"lazy\" class=\"size-full wp-image-304 alignright\" alt=\"\" src=\"http:\/\/medatlas.com.br\/wp-content\/uploads\/2013\/09\/ecg.jpg\" width=\"300\" height=\"200\" srcset=\"https:\/\/medatlas.com.br\/wp-content\/uploads\/2013\/09\/ecg.jpg 300w, https:\/\/medatlas.com.br\/wp-content\/uploads\/2013\/09\/ecg-150x100.jpg 150w\" sizes=\"(max-width: 300px) 100vw, 300px\" \/><\/p>\n<p style=\"text-align: justify;\">Os registros do eletrocardiograma podem ajudar os m\u00e9dicos a diagnosticarem um ataque card\u00edaco que est\u00e1 acontecendo ou que ocorreu no passado. Isso \u00e9 particularmente verdadeiro quando o m\u00e9dico pode comparar o eletrocardiograma atual com um antigo. Os registros do eletrocardiograma tamb\u00e9m revelam: m\u00fasculo card\u00edaco muito grosso ou partes do cora\u00e7\u00e3o muito grandes, defeitos congenitos no cora\u00e7\u00e3o, doen\u00e7a nas v\u00e1lvulas card\u00edacas.<\/p>\n","protected":false},"excerpt":{"rendered":"<p>O eletrocardiograma \u00e9 um exame de sa\u00fade na \u00e1rea de cardiologia no qual \u00e9 feito o registro da varia\u00e7\u00e3o dos potenciais el\u00e9tricos gerados pela atividade el\u00e9trica do cora\u00e7\u00e3o. Os registros do eletrocardiograma podem ajudar os m\u00e9dicos a diagnosticarem um ataque card\u00edaco que est\u00e1 acontecendo ou que ocorreu no passado. Isso \u00e9 particularmente verdadeiro quando o [&hellip;]<\/p>\n","protected":false},"author":1,"featured_media":0,"parent":170,"menu_order":0,"comment_status":"closed","ping_status":"closed","template":"","meta":[],"_links":{"self":[{"href":"https:\/\/medatlas.com.br\/index.php?rest_route=\/wp\/v2\/pages\/173"}],"collection":[{"href":"https:\/\/medatlas.com.br\/index.php?rest_route=\/wp\/v2\/pages"}],"about":[{"href":"https:\/\/medatlas.com.br\/index.php?rest_route=\/wp\/v2\/types\/page"}],"author":[{"embeddable":true,"href":"https:\/\/medatlas.com.br\/index.php?rest_route=\/wp\/v2\/users\/1"}],"replies":[{"embeddable":true,"href":"https:\/\/medatlas.com.br\/index.php?rest_route=%2Fwp%2Fv2%2Fcomments&post=173"}],"version-history":[{"count":0,"href":"https:\/\/medatlas.com.br\/index.php?rest_route=\/wp\/v2\/pages\/173\/revisions"}],"up":[{"embeddable":true,"href":"https:\/\/medatlas.com.br\/index.php?rest_route=\/wp\/v2\/pages\/170"}],"wp:attachment":[{"href":"https:\/\/medatlas.com.br\/index.php?rest_route=%2Fwp%2Fv2%2Fmedia&parent=173"}],"curies":[{"name":"wp","href":"https:\/\/api.w.org\/{rel}","templated":true}]}}