{"id":175,"date":"2013-09-30T16:22:00","date_gmt":"2013-09-30T19:22:00","guid":{"rendered":"http:\/\/medatlas.com.br\/?page_id=175"},"modified":"2013-10-02T20:13:54","modified_gmt":"2013-10-02T23:13:54","slug":"audiometria","status":"publish","type":"page","link":"https:\/\/medatlas.com.br\/?page_id=175","title":{"rendered":"Audiometria"},"content":{"rendered":"<p style=\"text-align: justify;\">A audiometria \u00e9 um exame que avalia a audi\u00e7\u00e3o das pessoas. Quando detecta qualquer anormalidade auditiva permite medir o seu grau e tipo de altera\u00e7\u00e3o, assim como orienta as medidas preventivas ou curativas a serem tomadas, evitando assim o agravamento.<img loading=\"lazy\" class=\"size-full wp-image-308 alignright\" alt=\"\" src=\"http:\/\/medatlas.com.br\/wp-content\/uploads\/2013\/09\/audiometria.jpg\" width=\"300\" height=\"200\" srcset=\"https:\/\/medatlas.com.br\/wp-content\/uploads\/2013\/09\/audiometria.jpg 300w, https:\/\/medatlas.com.br\/wp-content\/uploads\/2013\/09\/audiometria-150x100.jpg 150w\" sizes=\"(max-width: 300px) 100vw, 300px\" \/><\/p>\n<p style=\"text-align: justify;\">Os principais tipos de audiometria s\u00e3o a audiometria tonal, que \u00e9 considerado um teste subjetivo para avaliar o grau e o tipo de perda auditiva e a audiometria vocal, que pesquisa a capacidade de compreens\u00e3o da fala humana.<\/p>\n<p style=\"text-align: justify;\">Estes exames s\u00e3o feitos com o paciente dentro de uma cabine ac\u00fastica, visando isol\u00e1-lo do ru\u00eddo ambiental e utiliza o equipamento chamado audi\u00f4metro.<\/p>\n<p style=\"text-align: justify;\">O exame audiometria tonal serve como base para diagnosticar a necessidade do uso de aparelho auditivo e, se necess\u00e1rio, o tipo de aparelho.<\/p>\n<p style=\"text-align: justify;\">Na maioria dos casos a audiometria \u00e9 indicada pelo m\u00e9dico devido a queixas relatadas pelo paciente ou riscos ocupacionais que o trabalhador \u00e9 exposto.<\/p>\n","protected":false},"excerpt":{"rendered":"<p>A audiometria \u00e9 um exame que avalia a audi\u00e7\u00e3o das pessoas. Quando detecta qualquer anormalidade auditiva permite medir o seu grau e tipo de altera\u00e7\u00e3o, assim como orienta as medidas preventivas ou curativas a serem tomadas, evitando assim o agravamento. Os principais tipos de audiometria s\u00e3o a audiometria tonal, que \u00e9 considerado um teste subjetivo [&hellip;]<\/p>\n","protected":false},"author":1,"featured_media":0,"parent":170,"menu_order":0,"comment_status":"closed","ping_status":"closed","template":"","meta":[],"_links":{"self":[{"href":"https:\/\/medatlas.com.br\/index.php?rest_route=\/wp\/v2\/pages\/175"}],"collection":[{"href":"https:\/\/medatlas.com.br\/index.php?rest_route=\/wp\/v2\/pages"}],"about":[{"href":"https:\/\/medatlas.com.br\/index.php?rest_route=\/wp\/v2\/types\/page"}],"author":[{"embeddable":true,"href":"https:\/\/medatlas.com.br\/index.php?rest_route=\/wp\/v2\/users\/1"}],"replies":[{"embeddable":true,"href":"https:\/\/medatlas.com.br\/index.php?rest_route=%2Fwp%2Fv2%2Fcomments&post=175"}],"version-history":[{"count":0,"href":"https:\/\/medatlas.com.br\/index.php?rest_route=\/wp\/v2\/pages\/175\/revisions"}],"up":[{"embeddable":true,"href":"https:\/\/medatlas.com.br\/index.php?rest_route=\/wp\/v2\/pages\/170"}],"wp:attachment":[{"href":"https:\/\/medatlas.com.br\/index.php?rest_route=%2Fwp%2Fv2%2Fmedia&parent=175"}],"curies":[{"name":"wp","href":"https:\/\/api.w.org\/{rel}","templated":true}]}}