{"id":182,"date":"2013-09-30T16:27:54","date_gmt":"2013-09-30T19:27:54","guid":{"rendered":"http:\/\/medatlas.com.br\/?page_id=182"},"modified":"2013-10-02T20:20:11","modified_gmt":"2013-10-02T23:20:11","slug":"espirometria","status":"publish","type":"page","link":"https:\/\/medatlas.com.br\/?page_id=182","title":{"rendered":"Espirometria"},"content":{"rendered":"<p style=\"text-align: justify;\">Espirometria \u00e9 um teste que permite aferir o fluxo de ar nas vias a\u00e9reas ou br\u00f4nquios (os tubos que transportam o ar para os pulm\u00f5es), comparando os resultados com os obtidos por pessoas saud\u00e1veis <img loading=\"lazy\" class=\"size-full wp-image-314 alignright\" alt=\"\" src=\"http:\/\/medatlas.com.br\/wp-content\/uploads\/2013\/09\/espirometria.jpg\" width=\"300\" height=\"200\" srcset=\"https:\/\/medatlas.com.br\/wp-content\/uploads\/2013\/09\/espirometria.jpg 300w, https:\/\/medatlas.com.br\/wp-content\/uploads\/2013\/09\/espirometria-150x100.jpg 150w\" sizes=\"(max-width: 300px) 100vw, 300px\" \/>com a mesma idade e altura.<\/p>\n<p style=\"text-align: justify;\">Tem como indica\u00e7\u00f5es a investiga\u00e7\u00e3o de sintomas respirat\u00f3rios (tosse e falta de ar); o diagn\u00f3stico e a avalia\u00e7\u00e3o de asma, doen\u00e7a pulmonar obstrutiva cr\u00f4nica (DPOC), ou bronquite causada pelo cigarro, incapacidade funcional; avalia\u00e7\u00e3o p\u00f3s-operat\u00f3ria; e avalia\u00e7\u00e3o e diagn\u00f3stico de doen\u00e7as respirat\u00f3rias relacionadas ao trabalho.<\/p>\n<p style=\"text-align: justify;\">A espirometria permite verificar se existe obstru\u00e7\u00e3o ou restri\u00e7\u00e3o ao fluxo de ar, ou seja, se as vias a\u00e9reas est\u00e3o anormalmente contra\u00eddas, ou se o volume dos pulm\u00f5es est\u00e1 anormal.<\/p>\n","protected":false},"excerpt":{"rendered":"<p>Espirometria \u00e9 um teste que permite aferir o fluxo de ar nas vias a\u00e9reas ou br\u00f4nquios (os tubos que transportam o ar para os pulm\u00f5es), comparando os resultados com os obtidos por pessoas saud\u00e1veis com a mesma idade e altura. Tem como indica\u00e7\u00f5es a investiga\u00e7\u00e3o de sintomas respirat\u00f3rios (tosse e falta de ar); o diagn\u00f3stico [&hellip;]<\/p>\n","protected":false},"author":1,"featured_media":0,"parent":170,"menu_order":0,"comment_status":"closed","ping_status":"closed","template":"","meta":[],"_links":{"self":[{"href":"https:\/\/medatlas.com.br\/index.php?rest_route=\/wp\/v2\/pages\/182"}],"collection":[{"href":"https:\/\/medatlas.com.br\/index.php?rest_route=\/wp\/v2\/pages"}],"about":[{"href":"https:\/\/medatlas.com.br\/index.php?rest_route=\/wp\/v2\/types\/page"}],"author":[{"embeddable":true,"href":"https:\/\/medatlas.com.br\/index.php?rest_route=\/wp\/v2\/users\/1"}],"replies":[{"embeddable":true,"href":"https:\/\/medatlas.com.br\/index.php?rest_route=%2Fwp%2Fv2%2Fcomments&post=182"}],"version-history":[{"count":0,"href":"https:\/\/medatlas.com.br\/index.php?rest_route=\/wp\/v2\/pages\/182\/revisions"}],"up":[{"embeddable":true,"href":"https:\/\/medatlas.com.br\/index.php?rest_route=\/wp\/v2\/pages\/170"}],"wp:attachment":[{"href":"https:\/\/medatlas.com.br\/index.php?rest_route=%2Fwp%2Fv2%2Fmedia&parent=182"}],"curies":[{"name":"wp","href":"https:\/\/api.w.org\/{rel}","templated":true}]}}