{"id":184,"date":"2013-09-30T16:30:22","date_gmt":"2013-09-30T19:30:22","guid":{"rendered":"http:\/\/medatlas.com.br\/?page_id=184"},"modified":"2013-10-02T20:24:57","modified_gmt":"2013-10-02T23:24:57","slug":"raios-x","status":"publish","type":"page","link":"https:\/\/medatlas.com.br\/?page_id=184","title":{"rendered":"Raios-X"},"content":{"rendered":"<p style=\"text-align: justify;\">O equipamento de Raio-X Digital possui um detecor que<img loading=\"lazy\" class=\"size-full wp-image-319 alignright\" alt=\"\" src=\"http:\/\/medatlas.com.br\/wp-content\/uploads\/2013\/09\/raios-x.jpg\" width=\"300\" height=\"200\" srcset=\"https:\/\/medatlas.com.br\/wp-content\/uploads\/2013\/09\/raios-x.jpg 300w, https:\/\/medatlas.com.br\/wp-content\/uploads\/2013\/09\/raios-x-150x100.jpg 150w\" sizes=\"(max-width: 300px) 100vw, 300px\" \/> converte o Raio-X em luz, transformando-a em sinal el\u00e9trico, digitalizando-a e processando-a para, por fim, envi\u00e1-la a um monitor de alta resolu\u00e7\u00e3o. Dessa maneira, obtemos a perfeita visualiza\u00e7\u00e3o da imagem radiol\u00f3gica, que pode ser aprimorada por novas t\u00e9cnicas de p\u00f3s-processamento. Isso possibilita que a imagem digital pode ser transmitida eletronicamente de um local a outro, o que facilita a consulta remota por outro especialista.<\/p>\n<p style=\"text-align: justify;\">Nossos exames de radiologia s\u00e3o todos realizados na forma digital. Al\u00e9m disso, contamos com amplificador de imagens que reduz expressivamente a dosagem de radia\u00e7\u00e3o.<\/p>\n","protected":false},"excerpt":{"rendered":"<p>O equipamento de Raio-X Digital possui um detecor que converte o Raio-X em luz, transformando-a em sinal el\u00e9trico, digitalizando-a e processando-a para, por fim, envi\u00e1-la a um monitor de alta resolu\u00e7\u00e3o. Dessa maneira, obtemos a perfeita visualiza\u00e7\u00e3o da imagem radiol\u00f3gica, que pode ser aprimorada por novas t\u00e9cnicas de p\u00f3s-processamento. Isso possibilita que a imagem digital [&hellip;]<\/p>\n","protected":false},"author":1,"featured_media":0,"parent":170,"menu_order":0,"comment_status":"closed","ping_status":"closed","template":"","meta":[],"_links":{"self":[{"href":"https:\/\/medatlas.com.br\/index.php?rest_route=\/wp\/v2\/pages\/184"}],"collection":[{"href":"https:\/\/medatlas.com.br\/index.php?rest_route=\/wp\/v2\/pages"}],"about":[{"href":"https:\/\/medatlas.com.br\/index.php?rest_route=\/wp\/v2\/types\/page"}],"author":[{"embeddable":true,"href":"https:\/\/medatlas.com.br\/index.php?rest_route=\/wp\/v2\/users\/1"}],"replies":[{"embeddable":true,"href":"https:\/\/medatlas.com.br\/index.php?rest_route=%2Fwp%2Fv2%2Fcomments&post=184"}],"version-history":[{"count":0,"href":"https:\/\/medatlas.com.br\/index.php?rest_route=\/wp\/v2\/pages\/184\/revisions"}],"up":[{"embeddable":true,"href":"https:\/\/medatlas.com.br\/index.php?rest_route=\/wp\/v2\/pages\/170"}],"wp:attachment":[{"href":"https:\/\/medatlas.com.br\/index.php?rest_route=%2Fwp%2Fv2%2Fmedia&parent=184"}],"curies":[{"name":"wp","href":"https:\/\/api.w.org\/{rel}","templated":true}]}}