{"id":246,"date":"2013-10-01T12:34:21","date_gmt":"2013-10-01T15:34:21","guid":{"rendered":"http:\/\/medatlas.com.br\/?page_id=246"},"modified":"2013-10-02T20:16:31","modified_gmt":"2013-10-02T23:16:31","slug":"analises-clinicas","status":"publish","type":"page","link":"https:\/\/medatlas.com.br\/?page_id=246","title":{"rendered":"An\u00e1lises Cl\u00ednicas"},"content":{"rendered":"<p style=\"text-align: justify;\">Estes exames consistem, fundamentalmente, na <img loading=\"lazy\" class=\"size-full wp-image-312 alignright\" alt=\"\" src=\"http:\/\/medatlas.com.br\/wp-content\/uploads\/2013\/10\/analises-clinicas.jpg\" width=\"300\" height=\"200\" srcset=\"https:\/\/medatlas.com.br\/wp-content\/uploads\/2013\/10\/analises-clinicas.jpg 300w, https:\/\/medatlas.com.br\/wp-content\/uploads\/2013\/10\/analises-clinicas-150x100.jpg 150w\" sizes=\"(max-width: 300px) 100vw, 300px\" \/>detec\u00e7\u00e3o e\/ou medi\u00e7\u00e3o de determinadas subst\u00e2ncias ou microorganismos em amostras de produtos biol\u00f3gicos (sangue, urina, fezes, saliva, etc.).<\/p>\n<p style=\"text-align: justify;\">De uma maneira geral, o principal cuidado que os pacientes dever\u00e3o ter antes da realiza\u00e7\u00e3o do exame \u00e9 o de estar em jejum por no m\u00ednimo 12 horas at\u00e9 o momento da coleta.<\/p>\n","protected":false},"excerpt":{"rendered":"<p>Estes exames consistem, fundamentalmente, na detec\u00e7\u00e3o e\/ou medi\u00e7\u00e3o de determinadas subst\u00e2ncias ou microorganismos em amostras de produtos biol\u00f3gicos (sangue, urina, fezes, saliva, etc.). De uma maneira geral, o principal cuidado que os pacientes dever\u00e3o ter antes da realiza\u00e7\u00e3o do exame \u00e9 o de estar em jejum por no m\u00ednimo 12 horas at\u00e9 o momento da [&hellip;]<\/p>\n","protected":false},"author":1,"featured_media":0,"parent":170,"menu_order":0,"comment_status":"closed","ping_status":"closed","template":"","meta":[],"_links":{"self":[{"href":"https:\/\/medatlas.com.br\/index.php?rest_route=\/wp\/v2\/pages\/246"}],"collection":[{"href":"https:\/\/medatlas.com.br\/index.php?rest_route=\/wp\/v2\/pages"}],"about":[{"href":"https:\/\/medatlas.com.br\/index.php?rest_route=\/wp\/v2\/types\/page"}],"author":[{"embeddable":true,"href":"https:\/\/medatlas.com.br\/index.php?rest_route=\/wp\/v2\/users\/1"}],"replies":[{"embeddable":true,"href":"https:\/\/medatlas.com.br\/index.php?rest_route=%2Fwp%2Fv2%2Fcomments&post=246"}],"version-history":[{"count":0,"href":"https:\/\/medatlas.com.br\/index.php?rest_route=\/wp\/v2\/pages\/246\/revisions"}],"up":[{"embeddable":true,"href":"https:\/\/medatlas.com.br\/index.php?rest_route=\/wp\/v2\/pages\/170"}],"wp:attachment":[{"href":"https:\/\/medatlas.com.br\/index.php?rest_route=%2Fwp%2Fv2%2Fmedia&parent=246"}],"curies":[{"name":"wp","href":"https:\/\/api.w.org\/{rel}","templated":true}]}}