{"id":255,"date":"2013-10-01T12:47:44","date_gmt":"2013-10-01T15:47:44","guid":{"rendered":"http:\/\/medatlas.com.br\/?page_id=255"},"modified":"2013-10-02T20:35:31","modified_gmt":"2013-10-02T23:35:31","slug":"pca","status":"publish","type":"page","link":"https:\/\/medatlas.com.br\/?page_id=255","title":{"rendered":"PPR"},"content":{"rendered":"<p style=\"text-align: justify;\">O programa de prote\u00e7\u00e3o respirat\u00f3ria serve para que o empres\u00e1rio tenha certeza de que o seu funcion\u00e1rio est\u00e1 saud\u00e1vel hoje e que continuar\u00e1 no futuro tamb\u00e9m.<\/p>\n<p style=\"text-align: justify;\">\u00c9 obrigat\u00f3rio para as empresas em que temos trabalhadores em ambientes com material em suspens\u00e3o (aerodispers\u00f3ides) e considerados prejudiciais \u00e0 sa\u00fade.<\/p>\n<p style=\"text-align: justify;\">Objetivos:<\/p>\n<p style=\"text-align: justify;\">Manter o controle para o correto uso de protetores das vias a\u00e9reas (respirat\u00f3rias), e dos funcion\u00e1rios envolvidos em ambientes contendo elementos em suspens\u00e3o (aerodispers\u00f3ides, n\u00e9voas, fumos, radionucl\u00eddeos, neblina, fuma\u00e7a, vapores, gases) que provoquem danos \u00e0s vias a\u00e9reas (pulm\u00e3o, traqu\u00e9ia, fossas nasais, faringe).<\/p>\n<p style=\"text-align: justify;\">Utilizam-se protetores quando ocorrem emerg\u00eancias, quando medidas de controle coletivo n\u00e3o s\u00e3o vi\u00e1veis, ou enquanto n\u00e3o est\u00e3o sendo implantadas ou est\u00e3o em fase de implanta\u00e7\u00e3o.<\/p>\n<p style=\"text-align: justify;\">Responsabilidades:<\/p>\n<p style=\"text-align: justify;\">O administrador da empresa \u00e9 o principal respons\u00e1vel por tudo que ocorrer dentro da mesma, seja por culpa (contratual, extracontratual ou aquiliana, &#8220;in eligendo&#8221;, &#8220;in vigilando&#8221;, &#8220;in committendo&#8221;, &#8220;in omittendo&#8221;, &#8220;in custodiendo&#8221;, &#8220;in concreto&#8221; ou &#8220;in abstracto&#8221;) , dolo, imprud\u00eancia ou neglig\u00eancia.<\/p>\n<p style=\"text-align: justify;\">\u00c9 o administrador que poder\u00e1 realizar altera\u00e7\u00f5es no programa de prote\u00e7\u00e3o respirat\u00f3ria.<\/p>\n<p style=\"text-align: justify;\">O Engenheiro do Trabalho, M\u00e9dico Ocupacional ou T\u00e9cnico de Seguran\u00e7a do Trabalho se constituem nos respons\u00e1veis pelo acompanhamento das atividades e sua implanta\u00e7\u00e3o efetiva.<\/p>\n<p style=\"text-align: justify;\">De acordo com a Portaria n\u00famero 1 de 11 de Abril de 1994, emitida pelo Minist\u00e9rio do Trabalho, cujo conte\u00fado estabelece um regulamento t\u00e9cnico sobre uso de equipamentos de prote\u00e7\u00e3o respirat\u00f3ria, todo empregador dever\u00e1 adotar um conjunto de medidas com a finalidade de adequar a utiliza\u00e7\u00e3o de equipamentos de prote\u00e7\u00e3o respirat\u00f3ria &#8211; EPR, quando necess\u00e1rio para complementar as medidas de prote\u00e7\u00e3o eletivas implementadas, ou com a finalidade de garantir uma completa prote\u00e7\u00e3o ao trabalhador contra os riscos existentes nos ambientes de trabalho.<\/p>\n","protected":false},"excerpt":{"rendered":"<p>O programa de prote\u00e7\u00e3o respirat\u00f3ria serve para que o empres\u00e1rio tenha certeza de que o seu funcion\u00e1rio est\u00e1 saud\u00e1vel hoje e que continuar\u00e1 no futuro tamb\u00e9m. \u00c9 obrigat\u00f3rio para as empresas em que temos trabalhadores em ambientes com material em suspens\u00e3o (aerodispers\u00f3ides) e considerados prejudiciais \u00e0 sa\u00fade. Objetivos: Manter o controle para o correto uso [&hellip;]<\/p>\n","protected":false},"author":1,"featured_media":0,"parent":28,"menu_order":0,"comment_status":"closed","ping_status":"closed","template":"","meta":[],"_links":{"self":[{"href":"https:\/\/medatlas.com.br\/index.php?rest_route=\/wp\/v2\/pages\/255"}],"collection":[{"href":"https:\/\/medatlas.com.br\/index.php?rest_route=\/wp\/v2\/pages"}],"about":[{"href":"https:\/\/medatlas.com.br\/index.php?rest_route=\/wp\/v2\/types\/page"}],"author":[{"embeddable":true,"href":"https:\/\/medatlas.com.br\/index.php?rest_route=\/wp\/v2\/users\/1"}],"replies":[{"embeddable":true,"href":"https:\/\/medatlas.com.br\/index.php?rest_route=%2Fwp%2Fv2%2Fcomments&post=255"}],"version-history":[{"count":0,"href":"https:\/\/medatlas.com.br\/index.php?rest_route=\/wp\/v2\/pages\/255\/revisions"}],"up":[{"embeddable":true,"href":"https:\/\/medatlas.com.br\/index.php?rest_route=\/wp\/v2\/pages\/28"}],"wp:attachment":[{"href":"https:\/\/medatlas.com.br\/index.php?rest_route=%2Fwp%2Fv2%2Fmedia&parent=255"}],"curies":[{"name":"wp","href":"https:\/\/api.w.org\/{rel}","templated":true}]}}