{"id":260,"date":"2013-10-01T12:52:06","date_gmt":"2013-10-01T15:52:06","guid":{"rendered":"http:\/\/medatlas.com.br\/?page_id=260"},"modified":"2013-10-02T20:34:48","modified_gmt":"2013-10-02T23:34:48","slug":"pca-2","status":"publish","type":"page","link":"https:\/\/medatlas.com.br\/?page_id=260","title":{"rendered":"PCA"},"content":{"rendered":"<p style=\"text-align: justify;\">A conserva\u00e7\u00e3o auditiva implica na preven\u00e7\u00e3o da audi\u00e7\u00e3o do indiv\u00edduo, sendo ele portador ou n\u00e3o da perda auditiva. Este programa tem como objetivo prevenir ou estabilizar as perdas auditivas ocupacionais em decorr\u00eancia de um processo cont\u00ednuo e din\u00e2mico de implanta\u00e7\u00e3o de rotina nas empresas.<\/p>\n<p style=\"text-align: justify;\">O PCA (Programa de Conserva\u00e7\u00e3o Auditiva) \u00e9 um conjunto de medidas t\u00e9cnicas simplificadas ou administrativas, distribu\u00eddas e mantidas ao longo do tempo, que agindo de forma integrada e complementar entre si, pode servir de substituto tempor\u00e1rio a moderniza\u00e7\u00e3o tecnol\u00f3gica e melhoria das condi\u00e7\u00f5es de trabalho como um todo.<\/p>\n","protected":false},"excerpt":{"rendered":"<p>A conserva\u00e7\u00e3o auditiva implica na preven\u00e7\u00e3o da audi\u00e7\u00e3o do indiv\u00edduo, sendo ele portador ou n\u00e3o da perda auditiva. Este programa tem como objetivo prevenir ou estabilizar as perdas auditivas ocupacionais em decorr\u00eancia de um processo cont\u00ednuo e din\u00e2mico de implanta\u00e7\u00e3o de rotina nas empresas. O PCA (Programa de Conserva\u00e7\u00e3o Auditiva) \u00e9 um conjunto de medidas [&hellip;]<\/p>\n","protected":false},"author":1,"featured_media":0,"parent":28,"menu_order":0,"comment_status":"closed","ping_status":"closed","template":"","meta":[],"_links":{"self":[{"href":"https:\/\/medatlas.com.br\/index.php?rest_route=\/wp\/v2\/pages\/260"}],"collection":[{"href":"https:\/\/medatlas.com.br\/index.php?rest_route=\/wp\/v2\/pages"}],"about":[{"href":"https:\/\/medatlas.com.br\/index.php?rest_route=\/wp\/v2\/types\/page"}],"author":[{"embeddable":true,"href":"https:\/\/medatlas.com.br\/index.php?rest_route=\/wp\/v2\/users\/1"}],"replies":[{"embeddable":true,"href":"https:\/\/medatlas.com.br\/index.php?rest_route=%2Fwp%2Fv2%2Fcomments&post=260"}],"version-history":[{"count":0,"href":"https:\/\/medatlas.com.br\/index.php?rest_route=\/wp\/v2\/pages\/260\/revisions"}],"up":[{"embeddable":true,"href":"https:\/\/medatlas.com.br\/index.php?rest_route=\/wp\/v2\/pages\/28"}],"wp:attachment":[{"href":"https:\/\/medatlas.com.br\/index.php?rest_route=%2Fwp%2Fv2%2Fmedia&parent=260"}],"curies":[{"name":"wp","href":"https:\/\/api.w.org\/{rel}","templated":true}]}}