{"id":354,"date":"2013-10-03T19:44:38","date_gmt":"2013-10-03T22:44:38","guid":{"rendered":"http:\/\/medatlas.com.br\/?page_id=354"},"modified":"2013-10-22T08:47:42","modified_gmt":"2013-10-22T11:47:42","slug":"equipamentos","status":"publish","type":"page","link":"https:\/\/medatlas.com.br\/?page_id=354","title":{"rendered":"Equipamentos"},"content":{"rendered":"<p style=\"text-align: justify;\">Temos a nossa disposi\u00e7\u00e3o todos os aparelhos para avalia\u00e7\u00f5es qualitativas e quantitativas, dentre os principais podemos citar:<\/p>\n<ul>\n<li style=\"text-align: justify;\">Anem\u00f4metro<\/li>\n<li style=\"text-align: justify;\">Audiodos\u00edmetro<\/li>\n<li style=\"text-align: justify;\">Bomba de Amostragem<\/li>\n<li style=\"text-align: justify;\">Decibel\u00edmetro<\/li>\n<li style=\"text-align: justify;\">Lux\u00edmetro<\/li>\n<li style=\"text-align: justify;\">Term\u00f4metro de Globo<\/li>\n<li style=\"text-align: justify;\">Dentre outros&#8230;<\/li>\n<\/ul>\n","protected":false},"excerpt":{"rendered":"<p>Temos a nossa disposi\u00e7\u00e3o todos os aparelhos para avalia\u00e7\u00f5es qualitativas e quantitativas, dentre os principais podemos citar: Anem\u00f4metro Audiodos\u00edmetro Bomba de Amostragem Decibel\u00edmetro Lux\u00edmetro Term\u00f4metro de Globo Dentre outros&#8230;<\/p>\n","protected":false},"author":1,"featured_media":0,"parent":0,"menu_order":0,"comment_status":"closed","ping_status":"closed","template":"","meta":[],"_links":{"self":[{"href":"https:\/\/medatlas.com.br\/index.php?rest_route=\/wp\/v2\/pages\/354"}],"collection":[{"href":"https:\/\/medatlas.com.br\/index.php?rest_route=\/wp\/v2\/pages"}],"about":[{"href":"https:\/\/medatlas.com.br\/index.php?rest_route=\/wp\/v2\/types\/page"}],"author":[{"embeddable":true,"href":"https:\/\/medatlas.com.br\/index.php?rest_route=\/wp\/v2\/users\/1"}],"replies":[{"embeddable":true,"href":"https:\/\/medatlas.com.br\/index.php?rest_route=%2Fwp%2Fv2%2Fcomments&post=354"}],"version-history":[{"count":0,"href":"https:\/\/medatlas.com.br\/index.php?rest_route=\/wp\/v2\/pages\/354\/revisions"}],"wp:attachment":[{"href":"https:\/\/medatlas.com.br\/index.php?rest_route=%2Fwp%2Fv2%2Fmedia&parent=354"}],"curies":[{"name":"wp","href":"https:\/\/api.w.org\/{rel}","templated":true}]}}