{"id":356,"date":"2013-10-03T19:47:16","date_gmt":"2013-10-03T22:47:16","guid":{"rendered":"http:\/\/medatlas.com.br\/?page_id=356"},"modified":"2013-10-03T19:47:16","modified_gmt":"2013-10-03T22:47:16","slug":"audiodosimetro","status":"publish","type":"page","link":"https:\/\/medatlas.com.br\/?page_id=356","title":{"rendered":"Audiodos\u00edmetro"},"content":{"rendered":"<p style=\"text-align: justify;\">Audiodos\u00edmetro \u00e9 um aparelho utilizado para medir a intensidade sonora, utilizando para isso a unidade de decib\u00e9is (dB).<\/p>\n<p style=\"text-align: justify;\">Muito utilizado em atividades que produzem ru\u00eddo, o aparelho por ser port\u00e1til, \u00e9 fixado em trabalhadores de diversas fun\u00e7\u00f5es. Sua aplica\u00e7\u00e3o visa mensurar a dosagem de ru\u00eddo que um trabalhador recebe durante sua carga hor\u00e1ria di\u00e1ria.<\/p>\n<p style=\"text-align: justify;\">O aparelho conta com uma bateria, mostrador digital (nos mais modernos) e com um microfone que \u00e9 colocado pr\u00f3ximo \u00e0 zona auditiva do trabalhador que o transporta.<\/p>\n<p style=\"text-align: justify;\">Sua amostragem \u00e9 feita automaticamente pelo aparelho onde \u00e9 colhido o Leq (n\u00edvel m\u00e9dio) para apresenta\u00e7\u00e3o aos \u00f3rg\u00e3os competentes e para a preven\u00e7\u00e3o de riscos ocupacionais.<\/p>\n","protected":false},"excerpt":{"rendered":"<p>Audiodos\u00edmetro \u00e9 um aparelho utilizado para medir a intensidade sonora, utilizando para isso a unidade de decib\u00e9is (dB). Muito utilizado em atividades que produzem ru\u00eddo, o aparelho por ser port\u00e1til, \u00e9 fixado em trabalhadores de diversas fun\u00e7\u00f5es. Sua aplica\u00e7\u00e3o visa mensurar a dosagem de ru\u00eddo que um trabalhador recebe durante sua carga hor\u00e1ria di\u00e1ria. O [&hellip;]<\/p>\n","protected":false},"author":1,"featured_media":0,"parent":354,"menu_order":0,"comment_status":"closed","ping_status":"closed","template":"","meta":[],"_links":{"self":[{"href":"https:\/\/medatlas.com.br\/index.php?rest_route=\/wp\/v2\/pages\/356"}],"collection":[{"href":"https:\/\/medatlas.com.br\/index.php?rest_route=\/wp\/v2\/pages"}],"about":[{"href":"https:\/\/medatlas.com.br\/index.php?rest_route=\/wp\/v2\/types\/page"}],"author":[{"embeddable":true,"href":"https:\/\/medatlas.com.br\/index.php?rest_route=\/wp\/v2\/users\/1"}],"replies":[{"embeddable":true,"href":"https:\/\/medatlas.com.br\/index.php?rest_route=%2Fwp%2Fv2%2Fcomments&post=356"}],"version-history":[{"count":0,"href":"https:\/\/medatlas.com.br\/index.php?rest_route=\/wp\/v2\/pages\/356\/revisions"}],"up":[{"embeddable":true,"href":"https:\/\/medatlas.com.br\/index.php?rest_route=\/wp\/v2\/pages\/354"}],"wp:attachment":[{"href":"https:\/\/medatlas.com.br\/index.php?rest_route=%2Fwp%2Fv2%2Fmedia&parent=356"}],"curies":[{"name":"wp","href":"https:\/\/api.w.org\/{rel}","templated":true}]}}