{"id":357,"date":"2013-10-03T19:52:16","date_gmt":"2013-10-03T22:52:16","guid":{"rendered":"http:\/\/medatlas.com.br\/?page_id=357"},"modified":"2013-10-03T19:52:16","modified_gmt":"2013-10-03T22:52:16","slug":"decibelimetro","status":"publish","type":"page","link":"https:\/\/medatlas.com.br\/?page_id=357","title":{"rendered":"Decibel\u00edmetro"},"content":{"rendered":"<p style=\"text-align: justify;\">O decibel\u00edmetro, \u00e9 um equipamento utilizado para realizar a medi\u00e7\u00e3o dos n\u00edveis de press\u00e3o sonora, sendo que o n\u00edvel de press\u00e3o sonora \u00e9 uma grandeza que representa razoavelmente bem a sensa\u00e7\u00e3o auditiva de volume sonoro. A unidade de medida usada para a medi\u00e7\u00e3o \u00e9 o decibel (dB).<\/p>\n<p style=\"text-align: justify;\">O circuito integrador do medidor deve oferecer diferentes tempos de integra\u00e7\u00e3o, no m\u00ednimo o tempo de integra\u00e7\u00e3o &#8220;lenta&#8221; e &#8220;r\u00e1pida&#8221;, al\u00e9m da integra\u00e7\u00e3o no tempo, tamb\u00e9m chamada de pondera\u00e7\u00e3o no tempo, os medidores oferecem diferentes curvas de pondera\u00e7\u00e3o na frequ\u00eancia, sendo a &#8220;A&#8221; a mais utilizada, sendo a pseudo unidade dB(A).<\/p>\n","protected":false},"excerpt":{"rendered":"<p>O decibel\u00edmetro, \u00e9 um equipamento utilizado para realizar a medi\u00e7\u00e3o dos n\u00edveis de press\u00e3o sonora, sendo que o n\u00edvel de press\u00e3o sonora \u00e9 uma grandeza que representa razoavelmente bem a sensa\u00e7\u00e3o auditiva de volume sonoro. A unidade de medida usada para a medi\u00e7\u00e3o \u00e9 o decibel (dB). O circuito integrador do medidor deve oferecer diferentes [&hellip;]<\/p>\n","protected":false},"author":1,"featured_media":0,"parent":354,"menu_order":0,"comment_status":"closed","ping_status":"closed","template":"","meta":[],"_links":{"self":[{"href":"https:\/\/medatlas.com.br\/index.php?rest_route=\/wp\/v2\/pages\/357"}],"collection":[{"href":"https:\/\/medatlas.com.br\/index.php?rest_route=\/wp\/v2\/pages"}],"about":[{"href":"https:\/\/medatlas.com.br\/index.php?rest_route=\/wp\/v2\/types\/page"}],"author":[{"embeddable":true,"href":"https:\/\/medatlas.com.br\/index.php?rest_route=\/wp\/v2\/users\/1"}],"replies":[{"embeddable":true,"href":"https:\/\/medatlas.com.br\/index.php?rest_route=%2Fwp%2Fv2%2Fcomments&post=357"}],"version-history":[{"count":0,"href":"https:\/\/medatlas.com.br\/index.php?rest_route=\/wp\/v2\/pages\/357\/revisions"}],"up":[{"embeddable":true,"href":"https:\/\/medatlas.com.br\/index.php?rest_route=\/wp\/v2\/pages\/354"}],"wp:attachment":[{"href":"https:\/\/medatlas.com.br\/index.php?rest_route=%2Fwp%2Fv2%2Fmedia&parent=357"}],"curies":[{"name":"wp","href":"https:\/\/api.w.org\/{rel}","templated":true}]}}