{"id":358,"date":"2013-10-03T19:55:58","date_gmt":"2013-10-03T22:55:58","guid":{"rendered":"http:\/\/medatlas.com.br\/?page_id=358"},"modified":"2013-10-03T19:55:58","modified_gmt":"2013-10-03T22:55:58","slug":"anemometro","status":"publish","type":"page","link":"https:\/\/medatlas.com.br\/?page_id=358","title":{"rendered":"Anem\u00f4metro"},"content":{"rendered":"<p style=\"text-align: justify;\">Esse aparelho serve para medir a velocidade do vento, um rotor com tr\u00eas conchas hemisf\u00e9ricas aciona um mecanismo onde \u00e9 instalado um sensor eletr\u00f4nico. Esse sistema possui uma grande vantagem ele \u00e9 independe da dire\u00e7\u00e3o do vento, e por conseguinte de um dispositivo de alinhamento. Realiza a sua leitura em metros por segundo (m\/s).<\/p>\n","protected":false},"excerpt":{"rendered":"<p>Esse aparelho serve para medir a velocidade do vento, um rotor com tr\u00eas conchas hemisf\u00e9ricas aciona um mecanismo onde \u00e9 instalado um sensor eletr\u00f4nico. Esse sistema possui uma grande vantagem ele \u00e9 independe da dire\u00e7\u00e3o do vento, e por conseguinte de um dispositivo de alinhamento. Realiza a sua leitura em metros por segundo (m\/s).<\/p>\n","protected":false},"author":1,"featured_media":0,"parent":354,"menu_order":0,"comment_status":"closed","ping_status":"closed","template":"","meta":[],"_links":{"self":[{"href":"https:\/\/medatlas.com.br\/index.php?rest_route=\/wp\/v2\/pages\/358"}],"collection":[{"href":"https:\/\/medatlas.com.br\/index.php?rest_route=\/wp\/v2\/pages"}],"about":[{"href":"https:\/\/medatlas.com.br\/index.php?rest_route=\/wp\/v2\/types\/page"}],"author":[{"embeddable":true,"href":"https:\/\/medatlas.com.br\/index.php?rest_route=\/wp\/v2\/users\/1"}],"replies":[{"embeddable":true,"href":"https:\/\/medatlas.com.br\/index.php?rest_route=%2Fwp%2Fv2%2Fcomments&post=358"}],"version-history":[{"count":0,"href":"https:\/\/medatlas.com.br\/index.php?rest_route=\/wp\/v2\/pages\/358\/revisions"}],"up":[{"embeddable":true,"href":"https:\/\/medatlas.com.br\/index.php?rest_route=\/wp\/v2\/pages\/354"}],"wp:attachment":[{"href":"https:\/\/medatlas.com.br\/index.php?rest_route=%2Fwp%2Fv2%2Fmedia&parent=358"}],"curies":[{"name":"wp","href":"https:\/\/api.w.org\/{rel}","templated":true}]}}