{"id":359,"date":"2013-10-03T19:58:14","date_gmt":"2013-10-03T22:58:14","guid":{"rendered":"http:\/\/medatlas.com.br\/?page_id=359"},"modified":"2013-10-03T19:58:14","modified_gmt":"2013-10-03T22:58:14","slug":"luximetro","status":"publish","type":"page","link":"https:\/\/medatlas.com.br\/?page_id=359","title":{"rendered":"Lux\u00edmetro"},"content":{"rendered":"<p style=\"text-align: justify;\">O lux\u00edmetro \u00e9 o aparelho utilizado para medir o n\u00edvel de luminosidade de um local, para isso utiliza fotorreceptores que captam a energia luminosa e a transformam em energia el\u00e9trica para que assim seja realizada a leitura da intensidade de luz, essa por sua vez \u00e9 expressa na unidade &#8220;lux&#8221;.<\/p>\n","protected":false},"excerpt":{"rendered":"<p>O lux\u00edmetro \u00e9 o aparelho utilizado para medir o n\u00edvel de luminosidade de um local, para isso utiliza fotorreceptores que captam a energia luminosa e a transformam em energia el\u00e9trica para que assim seja realizada a leitura da intensidade de luz, essa por sua vez \u00e9 expressa na unidade &#8220;lux&#8221;.<\/p>\n","protected":false},"author":1,"featured_media":0,"parent":354,"menu_order":0,"comment_status":"closed","ping_status":"closed","template":"","meta":[],"_links":{"self":[{"href":"https:\/\/medatlas.com.br\/index.php?rest_route=\/wp\/v2\/pages\/359"}],"collection":[{"href":"https:\/\/medatlas.com.br\/index.php?rest_route=\/wp\/v2\/pages"}],"about":[{"href":"https:\/\/medatlas.com.br\/index.php?rest_route=\/wp\/v2\/types\/page"}],"author":[{"embeddable":true,"href":"https:\/\/medatlas.com.br\/index.php?rest_route=\/wp\/v2\/users\/1"}],"replies":[{"embeddable":true,"href":"https:\/\/medatlas.com.br\/index.php?rest_route=%2Fwp%2Fv2%2Fcomments&post=359"}],"version-history":[{"count":0,"href":"https:\/\/medatlas.com.br\/index.php?rest_route=\/wp\/v2\/pages\/359\/revisions"}],"up":[{"embeddable":true,"href":"https:\/\/medatlas.com.br\/index.php?rest_route=\/wp\/v2\/pages\/354"}],"wp:attachment":[{"href":"https:\/\/medatlas.com.br\/index.php?rest_route=%2Fwp%2Fv2%2Fmedia&parent=359"}],"curies":[{"name":"wp","href":"https:\/\/api.w.org\/{rel}","templated":true}]}}