{"id":360,"date":"2013-10-03T20:08:24","date_gmt":"2013-10-03T23:08:24","guid":{"rendered":"http:\/\/medatlas.com.br\/?page_id=360"},"modified":"2013-10-03T20:08:24","modified_gmt":"2013-10-03T23:08:24","slug":"termometro-de-globo","status":"publish","type":"page","link":"https:\/\/medatlas.com.br\/?page_id=360","title":{"rendered":"Term\u00f4metro de Globo"},"content":{"rendered":"<p style=\"text-align: justify;\">A finalidade do term\u00f4metro de globo \u00e9 de medir o calor radiante existente no ambiente de trabalho, par isso ele associa os seguintes tipos de term\u00f4metro:<\/p>\n<p style=\"text-align: justify;\">Term\u00f4metro de Bulbo \u00damido: composto de um term\u00f4metro de merc\u00fario, um pavio de tecido branco de algod\u00e3o, de alto poder de absor\u00e7\u00e3o de \u00e1gua com comprimento de no m\u00ednimo 100 mm, e \u00e1gua destilada. O term\u00f4metro de globo e usado para medir o calor influenciado pela umidade do ar.<\/p>\n<p style=\"text-align: justify;\">Term\u00f4metro de bulbo Seco: usado para medir a temperatura do ar.<\/p>\n<p style=\"text-align: justify;\">A partir dessas medi\u00e7\u00f5es \u00e9 calculado o \u00edndice de temperatura de bulbo \u00famido term\u00f4metro de globo (IBUTG) que foi desenvolvido como um m\u00e9todo simples para avaliar sobrecarga t\u00e9rmica. Esse \u00edndice tamb\u00e9m permite o c\u00e1lculo de per\u00edodos adequados de trabalho-descanso, no caso em que o \u00edndice ultrapasse os limites estabelecidos.<\/p>\n","protected":false},"excerpt":{"rendered":"<p>A finalidade do term\u00f4metro de globo \u00e9 de medir o calor radiante existente no ambiente de trabalho, par isso ele associa os seguintes tipos de term\u00f4metro: Term\u00f4metro de Bulbo \u00damido: composto de um term\u00f4metro de merc\u00fario, um pavio de tecido branco de algod\u00e3o, de alto poder de absor\u00e7\u00e3o de \u00e1gua com comprimento de no m\u00ednimo [&hellip;]<\/p>\n","protected":false},"author":1,"featured_media":0,"parent":354,"menu_order":0,"comment_status":"closed","ping_status":"closed","template":"","meta":[],"_links":{"self":[{"href":"https:\/\/medatlas.com.br\/index.php?rest_route=\/wp\/v2\/pages\/360"}],"collection":[{"href":"https:\/\/medatlas.com.br\/index.php?rest_route=\/wp\/v2\/pages"}],"about":[{"href":"https:\/\/medatlas.com.br\/index.php?rest_route=\/wp\/v2\/types\/page"}],"author":[{"embeddable":true,"href":"https:\/\/medatlas.com.br\/index.php?rest_route=\/wp\/v2\/users\/1"}],"replies":[{"embeddable":true,"href":"https:\/\/medatlas.com.br\/index.php?rest_route=%2Fwp%2Fv2%2Fcomments&post=360"}],"version-history":[{"count":0,"href":"https:\/\/medatlas.com.br\/index.php?rest_route=\/wp\/v2\/pages\/360\/revisions"}],"up":[{"embeddable":true,"href":"https:\/\/medatlas.com.br\/index.php?rest_route=\/wp\/v2\/pages\/354"}],"wp:attachment":[{"href":"https:\/\/medatlas.com.br\/index.php?rest_route=%2Fwp%2Fv2%2Fmedia&parent=360"}],"curies":[{"name":"wp","href":"https:\/\/api.w.org\/{rel}","templated":true}]}}