{"id":361,"date":"2013-10-03T20:16:54","date_gmt":"2013-10-03T23:16:54","guid":{"rendered":"http:\/\/medatlas.com.br\/?page_id=361"},"modified":"2013-10-03T20:16:54","modified_gmt":"2013-10-03T23:16:54","slug":"bomba-de-amostragem","status":"publish","type":"page","link":"https:\/\/medatlas.com.br\/?page_id=361","title":{"rendered":"Bomba de Amostragem"},"content":{"rendered":"<p style=\"text-align: justify;\">Esse equipamento tem a fun\u00e7\u00e3o de aspirar o ar e consequentemente, a poeira junto com gases, que o trabalhador inala normalmente em sua jornada de trabalho. Esse aparelho \u00e9 acoplado no tronco superior do trabalhador, o mais pr\u00f3ximo poss\u00edvel a regi\u00e3o nasal, sem interferir com o desenvolvimento de sua fun\u00e7\u00e3o normal. Junto com a coleta do ar ocorre a filtragem desse material e posteriormente \u00e9 realizada uma analise em laborat\u00f3rio especializado para avalia\u00e7\u00e3o da concentra\u00e7\u00e3o das substancias bem como a qualidade da poeira, para que a partir disso as medidas de prote\u00e7\u00e3o possam ser implementadas de forma mais eficaz e efetiva.<\/p>\n","protected":false},"excerpt":{"rendered":"<p>Esse equipamento tem a fun\u00e7\u00e3o de aspirar o ar e consequentemente, a poeira junto com gases, que o trabalhador inala normalmente em sua jornada de trabalho. Esse aparelho \u00e9 acoplado no tronco superior do trabalhador, o mais pr\u00f3ximo poss\u00edvel a regi\u00e3o nasal, sem interferir com o desenvolvimento de sua fun\u00e7\u00e3o normal. Junto com a coleta [&hellip;]<\/p>\n","protected":false},"author":1,"featured_media":0,"parent":354,"menu_order":0,"comment_status":"closed","ping_status":"closed","template":"","meta":[],"_links":{"self":[{"href":"https:\/\/medatlas.com.br\/index.php?rest_route=\/wp\/v2\/pages\/361"}],"collection":[{"href":"https:\/\/medatlas.com.br\/index.php?rest_route=\/wp\/v2\/pages"}],"about":[{"href":"https:\/\/medatlas.com.br\/index.php?rest_route=\/wp\/v2\/types\/page"}],"author":[{"embeddable":true,"href":"https:\/\/medatlas.com.br\/index.php?rest_route=\/wp\/v2\/users\/1"}],"replies":[{"embeddable":true,"href":"https:\/\/medatlas.com.br\/index.php?rest_route=%2Fwp%2Fv2%2Fcomments&post=361"}],"version-history":[{"count":0,"href":"https:\/\/medatlas.com.br\/index.php?rest_route=\/wp\/v2\/pages\/361\/revisions"}],"up":[{"embeddable":true,"href":"https:\/\/medatlas.com.br\/index.php?rest_route=\/wp\/v2\/pages\/354"}],"wp:attachment":[{"href":"https:\/\/medatlas.com.br\/index.php?rest_route=%2Fwp%2Fv2%2Fmedia&parent=361"}],"curies":[{"name":"wp","href":"https:\/\/api.w.org\/{rel}","templated":true}]}}