{"id":45,"date":"2013-08-28T20:45:16","date_gmt":"2013-08-28T23:45:16","guid":{"rendered":"http:\/\/medatlas.com.br\/?page_id=45"},"modified":"2013-10-02T20:35:52","modified_gmt":"2013-10-02T23:35:52","slug":"ppra","status":"publish","type":"page","link":"https:\/\/medatlas.com.br\/?page_id=45","title":{"rendered":"PPRA"},"content":{"rendered":"<p style=\"text-align: justify;\">\u00c9 um documento de a\u00e7\u00e3o cont\u00ednua, um programa de gerenciamento. O documento-base, previsto na estrutura do PPRA, permanecer\u00e1 na empresa a disposi\u00e7\u00e3o da fiscaliza\u00e7\u00e3o, junto com um roteiro das a\u00e7\u00f5es a serem empreendidas para atingir as metas do programa.<\/p>\n<p style=\"text-align: justify;\"><span style=\"text-decoration: underline;\">Objetivo do PPRA:<\/span><\/p>\n<p style=\"text-align: justify;\">Ser a metodologia de a\u00e7\u00e3o que garanta a preserva\u00e7\u00e3o da sa\u00fade e integridade dos trabalhadores frente aos riscos dos ambientes de trabalho.<\/p>\n<p style=\"text-align: justify;\"><span style=\"text-decoration: underline;\">Riscos ambientais:<\/span><\/p>\n<p style=\"text-align: justify;\">Os riscos ambientais s\u00e3o agentes f\u00edsicos, qu\u00edmicos e biol\u00f3gicos existentes nos ambientes de trabalho , em fun\u00e7\u00e3o de sua natureza, concentra\u00e7\u00e3o ou intensidade e tempo de exposi\u00e7\u00e3o, s\u00e3o capazes de causar danos \u00e0 sa\u00fade dos trabalhadores.<\/p>\n<p style=\"text-align: justify;\"><span style=\"text-decoration: underline;\">Identificando os agentes:<\/span><\/p>\n<p style=\"text-align: justify;\">Agentes f\u00edsicos: ru\u00eddo, vibra\u00e7\u00f5es, press\u00f5es anormais, temperaturas extremas, radia\u00e7\u00f5es ionizantes e radia\u00e7\u00f5es n\u00e3o ionizantes;<\/p>\n<p style=\"text-align: justify;\">Agentes qu\u00edmicos: poeiras, fumos, n\u00e9voas, neblinas, gases, vapores, absorvidos pelo organismo humano por via respirat\u00f3ria, atrav\u00e9s da pele ou por ingest\u00e3o;<\/p>\n<p style=\"text-align: justify;\">Agentes biol\u00f3gicos: bact\u00e9rias, fungos, bacilos, parasitas, protozo\u00e1rios, v\u00edrus, entre outros.<\/p>\n<p style=\"text-align: justify;\"><span style=\"text-decoration: underline;\">Obrigatoriedade do PPRA:<\/span><\/p>\n<p style=\"text-align: justify;\">A implementa\u00e7\u00e3o do PPRA \u00e9 obrigat\u00f3ria para todos os empregadores e institui\u00e7\u00f5es que admitam trabalhadores como empregados. N\u00e3o importando o grau de risco ou a quantidade de empregados. Todos est\u00e3o obrigados a ter um PPRA, cada um com sua caracter\u00edstica e complexidade diferentes.<\/p>\n<p style=\"text-align: justify;\">Esse programa est\u00e1 estabelecido em uma das Normas Regulamentadoras (NR-9) da CLT- Consolida\u00e7\u00e3o das Leis Trabalhistas, sendo a sua reda\u00e7\u00e3o inicial dada pela Portaria n\u00ba 25, de 29 de dezembro de 1994, da Secretaria de Seguran\u00e7a e Sa\u00fade do Trabalho, do Minist\u00e9rio do Trabalho.<\/p>\n<p style=\"text-align: justify;\"><span style=\"text-decoration: underline;\">Profissional que executa o PPRA:<\/span><\/p>\n<p style=\"text-align: justify;\">O Servi\u00e7o Especializado em Engenharia de Seguran\u00e7a e Medicina do Trabalho &#8211; SEESMT da empresa ou institui\u00e7\u00e3o. Mas o empregador desobrigado pela legisla\u00e7\u00e3o de manter um servi\u00e7o pr\u00f3prio, dever\u00e1 contratar uma empresa ou profissional para elaborar, implementar, acompanhar e avaliar o PPRA.<\/p>\n","protected":false},"excerpt":{"rendered":"<p>\u00c9 um documento de a\u00e7\u00e3o cont\u00ednua, um programa de gerenciamento. O documento-base, previsto na estrutura do PPRA, permanecer\u00e1 na empresa a disposi\u00e7\u00e3o da fiscaliza\u00e7\u00e3o, junto com um roteiro das a\u00e7\u00f5es a serem empreendidas para atingir as metas do programa. Objetivo do PPRA: Ser a metodologia de a\u00e7\u00e3o que garanta a preserva\u00e7\u00e3o da sa\u00fade e integridade [&hellip;]<\/p>\n","protected":false},"author":1,"featured_media":0,"parent":28,"menu_order":0,"comment_status":"closed","ping_status":"closed","template":"","meta":[],"_links":{"self":[{"href":"https:\/\/medatlas.com.br\/index.php?rest_route=\/wp\/v2\/pages\/45"}],"collection":[{"href":"https:\/\/medatlas.com.br\/index.php?rest_route=\/wp\/v2\/pages"}],"about":[{"href":"https:\/\/medatlas.com.br\/index.php?rest_route=\/wp\/v2\/types\/page"}],"author":[{"embeddable":true,"href":"https:\/\/medatlas.com.br\/index.php?rest_route=\/wp\/v2\/users\/1"}],"replies":[{"embeddable":true,"href":"https:\/\/medatlas.com.br\/index.php?rest_route=%2Fwp%2Fv2%2Fcomments&post=45"}],"version-history":[{"count":0,"href":"https:\/\/medatlas.com.br\/index.php?rest_route=\/wp\/v2\/pages\/45\/revisions"}],"up":[{"embeddable":true,"href":"https:\/\/medatlas.com.br\/index.php?rest_route=\/wp\/v2\/pages\/28"}],"wp:attachment":[{"href":"https:\/\/medatlas.com.br\/index.php?rest_route=%2Fwp%2Fv2%2Fmedia&parent=45"}],"curies":[{"name":"wp","href":"https:\/\/api.w.org\/{rel}","templated":true}]}}