{"id":48,"date":"2013-08-28T20:45:46","date_gmt":"2013-08-28T23:45:46","guid":{"rendered":"http:\/\/medatlas.com.br\/?page_id=48"},"modified":"2013-10-02T20:35:09","modified_gmt":"2013-10-02T23:35:09","slug":"pcmso","status":"publish","type":"page","link":"https:\/\/medatlas.com.br\/?page_id=48","title":{"rendered":"PCMSO"},"content":{"rendered":"<p style=\"text-align: justify;\">Este programa \u00e9 regulamentado pela Norma Regulamentadora n\u00ba 07 e tem como objetivo por meio de exames ocupacionais a promo\u00e7\u00e3o e preserva\u00e7\u00e3o da sa\u00fade dos trabalhadores atrav\u00e9s de medidas preventivas, diagnosticando precocemente os agravos \u00e0 sa\u00fade relacionados ou n\u00e3o ao trabalho.<\/p>\n<p style=\"text-align: justify;\"><span style=\"text-decoration: underline;\">Os Exames Ocupacionais:<\/span><\/p>\n<p style=\"text-align: justify;\">\u2022 Admissional<\/p>\n<p style=\"text-align: justify;\">\u2022 Peri\u00f3dico<\/p>\n<p style=\"text-align: justify;\">\u2022 Retorno ao trabalho<\/p>\n<p style=\"text-align: justify;\">\u2022 Mudan\u00e7a de fun\u00e7\u00e3o<\/p>\n<p style=\"text-align: justify;\">\u2022 Demissional<\/p>\n<p style=\"text-align: justify;\">\n<p style=\"text-align: justify;\">Poder\u00e1 haver a necessidade de solicita\u00e7\u00e3o de <span style=\"text-decoration: underline;\">exames complementares<\/span>, dependendo dos riscos espec\u00edficos decorrentes de cada atividade.<\/p>\n<p style=\"text-align: justify;\">A n\u00e3o realiza\u00e7\u00e3o do PCMSO\u00a0 e\/ou os exames ocupacionais acarreta multa.<\/p>\n<p style=\"text-align: justify;\">Al\u00e9m das multas outro risco a que a empresa est\u00e1 sujeita quando n\u00e3o implementa os Programas de Seguran\u00e7a e Medicina do Trabalho \u00e9 de A\u00e7\u00f5es na Justi\u00e7a no futuro movidas por funcion\u00e1rios que podem alegar que os danos \u00e0 sa\u00fade que eles apresentam foram adquiridos no per\u00edodo em que trabalharam nesta empresa.<\/p>\n","protected":false},"excerpt":{"rendered":"<p>Este programa \u00e9 regulamentado pela Norma Regulamentadora n\u00ba 07 e tem como objetivo por meio de exames ocupacionais a promo\u00e7\u00e3o e preserva\u00e7\u00e3o da sa\u00fade dos trabalhadores atrav\u00e9s de medidas preventivas, diagnosticando precocemente os agravos \u00e0 sa\u00fade relacionados ou n\u00e3o ao trabalho. Os Exames Ocupacionais: \u2022 Admissional \u2022 Peri\u00f3dico \u2022 Retorno ao trabalho \u2022 Mudan\u00e7a de [&hellip;]<\/p>\n","protected":false},"author":1,"featured_media":0,"parent":28,"menu_order":0,"comment_status":"closed","ping_status":"closed","template":"","meta":[],"_links":{"self":[{"href":"https:\/\/medatlas.com.br\/index.php?rest_route=\/wp\/v2\/pages\/48"}],"collection":[{"href":"https:\/\/medatlas.com.br\/index.php?rest_route=\/wp\/v2\/pages"}],"about":[{"href":"https:\/\/medatlas.com.br\/index.php?rest_route=\/wp\/v2\/types\/page"}],"author":[{"embeddable":true,"href":"https:\/\/medatlas.com.br\/index.php?rest_route=\/wp\/v2\/users\/1"}],"replies":[{"embeddable":true,"href":"https:\/\/medatlas.com.br\/index.php?rest_route=%2Fwp%2Fv2%2Fcomments&post=48"}],"version-history":[{"count":0,"href":"https:\/\/medatlas.com.br\/index.php?rest_route=\/wp\/v2\/pages\/48\/revisions"}],"up":[{"embeddable":true,"href":"https:\/\/medatlas.com.br\/index.php?rest_route=\/wp\/v2\/pages\/28"}],"wp:attachment":[{"href":"https:\/\/medatlas.com.br\/index.php?rest_route=%2Fwp%2Fv2%2Fmedia&parent=48"}],"curies":[{"name":"wp","href":"https:\/\/api.w.org\/{rel}","templated":true}]}}