{"id":552,"date":"2013-10-09T20:16:07","date_gmt":"2013-10-09T23:16:07","guid":{"rendered":"http:\/\/medatlas.com.br\/?page_id=552"},"modified":"2013-10-09T20:40:40","modified_gmt":"2013-10-09T23:40:40","slug":"treinamentos","status":"publish","type":"page","link":"https:\/\/medatlas.com.br\/?page_id=552","title":{"rendered":"Treinamentos"},"content":{"rendered":"<p>Oferecemos diversos treinamentos, dentre eles:<\/p>\n<ol>\n<li>Curso para Operador de Empilhadeira<\/li>\n<li>Curso para componentes da CIPA &#8211; NR5<\/li>\n<li>Treinamentos do uso de E.P.I &#8211; NR6<\/li>\n<li>Treinamento de Primeiros Socorros &#8211; NR7<\/li>\n<li>Curso em instala\u00e7\u00f5es el\u00e9tricas energizadas &#8211; NR10 (obrigat\u00f3rio para eletricista)<\/li>\n<li>Treinamento introdut\u00f3rio e peri\u00f3dico para trabalhadores da ind\u00fastria da constru\u00e7\u00e3o civil &#8211; NR 18<\/li>\n<li>Treinamento para operadores de teleatendimento ou telemarketing &#8211; NR 17<\/li>\n<li>Treinamento de inc\u00eandio &#8211; NR 23<\/li>\n<li>Treinamento para profissionais da \u00e1rea da sa\u00fade &#8211; NR 32<\/li>\n<li>Treinamento para profissionais que trabalham em espa\u00e7os confinados &#8211; NR 33<\/li>\n<li>Treinamento para trabalho em altura<\/li>\n<li>Palestras diversas (ex.: Higiene Pessoa, DST&#8217;s, Dengue, AIDS, Estresse, Sa\u00fade Bucal, C\u00e2nceres, etc.)<\/li>\n<\/ol>\n<p>Para outros cursos consulte-nos.<\/p>\n","protected":false},"excerpt":{"rendered":"<p>Oferecemos diversos treinamentos, dentre eles: Curso para Operador de Empilhadeira Curso para componentes da CIPA &#8211; NR5 Treinamentos do uso de E.P.I &#8211; NR6 Treinamento de Primeiros Socorros &#8211; NR7 Curso em instala\u00e7\u00f5es el\u00e9tricas energizadas &#8211; NR10 (obrigat\u00f3rio para eletricista) Treinamento introdut\u00f3rio e peri\u00f3dico para trabalhadores da ind\u00fastria da constru\u00e7\u00e3o civil &#8211; NR 18 Treinamento [&hellip;]<\/p>\n","protected":false},"author":1,"featured_media":0,"parent":28,"menu_order":0,"comment_status":"closed","ping_status":"closed","template":"","meta":[],"_links":{"self":[{"href":"https:\/\/medatlas.com.br\/index.php?rest_route=\/wp\/v2\/pages\/552"}],"collection":[{"href":"https:\/\/medatlas.com.br\/index.php?rest_route=\/wp\/v2\/pages"}],"about":[{"href":"https:\/\/medatlas.com.br\/index.php?rest_route=\/wp\/v2\/types\/page"}],"author":[{"embeddable":true,"href":"https:\/\/medatlas.com.br\/index.php?rest_route=\/wp\/v2\/users\/1"}],"replies":[{"embeddable":true,"href":"https:\/\/medatlas.com.br\/index.php?rest_route=%2Fwp%2Fv2%2Fcomments&post=552"}],"version-history":[{"count":0,"href":"https:\/\/medatlas.com.br\/index.php?rest_route=\/wp\/v2\/pages\/552\/revisions"}],"up":[{"embeddable":true,"href":"https:\/\/medatlas.com.br\/index.php?rest_route=\/wp\/v2\/pages\/28"}],"wp:attachment":[{"href":"https:\/\/medatlas.com.br\/index.php?rest_route=%2Fwp%2Fv2%2Fmedia&parent=552"}],"curies":[{"name":"wp","href":"https:\/\/api.w.org\/{rel}","templated":true}]}}