{"id":553,"date":"2013-10-09T20:16:32","date_gmt":"2013-10-09T23:16:32","guid":{"rendered":"http:\/\/medatlas.com.br\/?page_id=553"},"modified":"2013-10-09T20:24:55","modified_gmt":"2013-10-09T23:24:55","slug":"pgr","status":"publish","type":"page","link":"https:\/\/medatlas.com.br\/?page_id=553","title":{"rendered":"PGR"},"content":{"rendered":"<p style=\"text-align: justify;\">O PGR, tamb\u00e9m conhecido como Programa de Gerenciamento de Riscos \u00e9 definido por ser um programa com procedimentos t\u00e9cnicos e administrativos compelxos, que t\u00eam por objetivo prevenir, reduzir e controlar os riscos na \u00e1rea da minera\u00e7\u00e3o, bem como manter uma instala\u00e7\u00e3o operando dentro de padr\u00f5es de seguran\u00e7a considerados toler\u00e1veis ao longo de sua vida \u00fatil.<\/p>\n<p style=\"text-align: justify;\">\u00c9 um tipo de PPRA mais complexo, exclusivo para setores da \u00e1rea de minera\u00e7\u00e3o j\u00e1 que esse possui um elevado n\u00famero de acidentes de trabalho.<\/p>\n","protected":false},"excerpt":{"rendered":"<p>O PGR, tamb\u00e9m conhecido como Programa de Gerenciamento de Riscos \u00e9 definido por ser um programa com procedimentos t\u00e9cnicos e administrativos compelxos, que t\u00eam por objetivo prevenir, reduzir e controlar os riscos na \u00e1rea da minera\u00e7\u00e3o, bem como manter uma instala\u00e7\u00e3o operando dentro de padr\u00f5es de seguran\u00e7a considerados toler\u00e1veis ao longo de sua vida \u00fatil. [&hellip;]<\/p>\n","protected":false},"author":1,"featured_media":0,"parent":28,"menu_order":0,"comment_status":"closed","ping_status":"closed","template":"","meta":[],"_links":{"self":[{"href":"https:\/\/medatlas.com.br\/index.php?rest_route=\/wp\/v2\/pages\/553"}],"collection":[{"href":"https:\/\/medatlas.com.br\/index.php?rest_route=\/wp\/v2\/pages"}],"about":[{"href":"https:\/\/medatlas.com.br\/index.php?rest_route=\/wp\/v2\/types\/page"}],"author":[{"embeddable":true,"href":"https:\/\/medatlas.com.br\/index.php?rest_route=\/wp\/v2\/users\/1"}],"replies":[{"embeddable":true,"href":"https:\/\/medatlas.com.br\/index.php?rest_route=%2Fwp%2Fv2%2Fcomments&post=553"}],"version-history":[{"count":0,"href":"https:\/\/medatlas.com.br\/index.php?rest_route=\/wp\/v2\/pages\/553\/revisions"}],"up":[{"embeddable":true,"href":"https:\/\/medatlas.com.br\/index.php?rest_route=\/wp\/v2\/pages\/28"}],"wp:attachment":[{"href":"https:\/\/medatlas.com.br\/index.php?rest_route=%2Fwp%2Fv2%2Fmedia&parent=553"}],"curies":[{"name":"wp","href":"https:\/\/api.w.org\/{rel}","templated":true}]}}